{"id":5067,"date":"2019-04-12T17:04:01","date_gmt":"2019-04-12T15:04:01","guid":{"rendered":"https:\/\/www.catenedaneve.com\/site\/snow-chains-konig-polar\/"},"modified":"2020-04-20T14:49:01","modified_gmt":"2020-04-20T12:49:01","slug":"snow-chains-konig-polar","status":"publish","type":"page","link":"https:\/\/www.catenedaneve.com\/site\/snow-chains-konig-polar\/?lang=en","title":{"rendered":"Snow Chains K\u00f6nig Polar"},"content":{"rendered":"<div class=\"flex_column av_one_half  av-animated-generic left-to-right  flex_column_div av-zero-column-padding first  avia-builder-el-0  el_before_av_one_half  avia-builder-el-first  \" style='background: #f7f7f7; background-color:#f7f7f7; border-radius:0px; '><p><div  class=\"tabcontainer   top_tab   avia-builder-el-1  el_before_av_video  avia-builder-el-first \" role=\"tablist\">\n\n<section class=\"av_tab_section\"  itemscope=\"itemscope\" itemtype=\"https:\/\/schema.org\/CreativeWork\" ><div aria-controls=\"tab-id-1-content\" role=\"tab\" tabindex=\"0\" data-fake-id=\"#tab-id-1\" class=\"tab active_tab\"  itemprop=\"headline\" ><span class='tab_icon' aria-hidden='true' data-av_icon='\ue80f' data-av_iconfont='entypo-fontello'><\/span>Front<\/div>\n<div id=\"tab-id-1-content\" class=\"tab_content active_tab_content\" aria-hidden=\"false\">\n<div class=\"tab_inner_content invers-color\"  itemprop=\"text\" >\n<p><img loading=\"lazy\" class=\"aligncenter wp-image-4254 size-medium\" title=\"Catene da neve K\u00f6nig Polar\" src=\"https:\/\/www.catenedaneve.com\/site\/wp-content\/uploads\/2019\/04\/Konig_PolarOffroad-195x300.jpg\" alt=\"Catene da neve K\u00f6nig Polar\" width=\"195\" height=\"300\" srcset=\"https:\/\/www.catenedaneve.com\/site\/wp-content\/uploads\/2019\/04\/Konig_PolarOffroad-195x300.jpg 195w, https:\/\/www.catenedaneve.com\/site\/wp-content\/uploads\/2019\/04\/Konig_PolarOffroad-768x1180.jpg 768w, https:\/\/www.catenedaneve.com\/site\/wp-content\/uploads\/2019\/04\/Konig_PolarOffroad-671x1030.jpg 671w, https:\/\/www.catenedaneve.com\/site\/wp-content\/uploads\/2019\/04\/Konig_PolarOffroad-977x1500.jpg 977w, https:\/\/www.catenedaneve.com\/site\/wp-content\/uploads\/2019\/04\/Konig_PolarOffroad-459x705.jpg 459w, https:\/\/www.catenedaneve.com\/site\/wp-content\/uploads\/2019\/04\/Konig_PolarOffroad-450x691.jpg 450w, https:\/\/www.catenedaneve.com\/site\/wp-content\/uploads\/2019\/04\/Konig_PolarOffroad.jpg 1401w\" sizes=\"(max-width: 195px) 100vw, 195px\" \/><\/p>\n\n<\/div>\n<\/div>\n<\/section>\n\n<\/div>\n<br \/>\n<div  class='avia-video avia-video-16-9   av-lazyload-immediate  av-lazyload-video-embed  '   itemprop=\"video\" itemtype=\"https:\/\/schema.org\/VideoObject\"  data-original_url='https:\/\/youtu.be\/toNd_a-ests' ><script type='text\/html' class='av-video-tmpl'><div class='avia-iframe-wrap'><iframe width=\"1500\" height=\"844\" src=\"https:\/\/www.youtube.com\/embed\/toNd_a-ests?feature=oembed&autoplay=0&loop=0&controls=1&mute=0\" frameborder=\"0\" allow=\"accelerometer; autoplay; encrypted-media; gyroscope; picture-in-picture\" allowfullscreen><\/iframe><\/div><\/script><div class='av-click-to-play-overlay'><div class=\"avia_playpause_icon\"><\/div><\/div><\/div><\/p><\/div><div class=\"flex_column av_one_half  av-animated-generic right-to-left  flex_column_div av-zero-column-padding   avia-builder-el-3  el_after_av_one_half  el_before_av_section  avia-builder-el-last  \" style='border-radius:0px; '><section class=\"av_textblock_section \"  itemscope=\"itemscope\" itemtype=\"https:\/\/schema.org\/CreativeWork\" ><div class='avia_textblock  '   itemprop=\"text\" ><h1><strong>Snow Chains K\u00f6nig Polar<br \/>\n<\/strong><\/h1>\n<div class=\"span5\">\n<ul class=\"features product-target-features-list\">\n<li>Single diamond pattern chain<\/li>\n<\/ul>\n<ul class=\"features product-target-features-list\">\n<li>Cross chain with reinforcements on horizontal links providing good traction property and +50% of steel volume<\/li>\n<\/ul>\n<ul class=\"features product-target-features-list\">\n<li>Traditional fitting system with internal side chain makes the chain reliable even in the most extreme conditions<\/li>\n<\/ul>\n<ul class=\"features product-target-features-list\">\n<li>Tensioning by tightening chain and lever<\/li>\n<\/ul>\n<ul class=\"features product-target-features-list\">\n<li>Homologations\/Certifications\/Conformity: \u00d6-Norm 5117, \u00d6-Norm 5119 and T\u00dcV<\/li>\n<\/ul>\n<ul class=\"features product-target-features-list\">\n<li class=\"\">All offroad K\u00f6nig chains can be used on muddy ground too<\/li>\n<\/ul>\n<\/div>\n<p>&nbsp;<\/p>\n<\/div><\/section><\/div><\/div><\/div><\/div><!-- close content main div --><\/div><\/div><div id='av_section_1'  class='avia-section main_color avia-section-default avia-no-border-styling  avia-bg-style-scroll  avia-builder-el-5  el_after_av_one_half  avia-builder-el-last   container_wrap sidebar_right' style=' '  ><div class='container' ><div class='template-page content  av-content-small alpha units'><div class='post-entry post-entry-type-page post-entry-5067'><div class='entry-content-wrapper clearfix'>\n<div  class='avia-icon-grid-container    avia-builder-el-6  avia-builder-el-no-sibling '><ul id='avia-icongrid-6a0a13650daef' class='clearfix avia-icongrid avia-icongrid-flipbox  avia-icongrid-numrow-4 avia-icongrid-borders-none avia_animate_when_almost_visible' >\n<li><a href='https:\/\/www.catenedaneve.com\/images\/pdf\/konig_catalogo_professional.pdf' title='Catalogo Konig' target=\"_blank\" rel=\"noopener noreferrer\" class='avia-icongrid-wrapper'><article  class=\"article-icon-entry av-icongrid-empty\"  itemscope=\"itemscope\" itemtype=\"https:\/\/schema.org\/CreativeWork\" ><div class='avia-icongrid-front' ><div class='avia-icongrid-inner'><div  class='avia-icongrid-icon  avia-font-entypo-fontello'><span class='icongrid-char ' aria-hidden='true' data-av_icon='\ue84e' data-av_iconfont='entypo-fontello'><\/span><\/div><header class=\"entry-content-header\"><h4 class='av_icongrid_title icongrid_title  '  itemprop=\"headline\"  >Catalogo Konig<\/h4><\/header><\/div><\/div><div class='avia-icongrid-content' ><div class='avia-icongrid-inner' ><div class='avia-icongrid-text '  itemprop=\"text\" ><\/div><\/div><\/div><\/article><\/a><\/li>\n<li><a href='https:\/\/www.catenedaneve.com\/images\/pdf\/konig_catalogo_professional_tabella_applicazione.pdf' title='Tabella Applicazione' target=\"_blank\" rel=\"noopener noreferrer\" class='avia-icongrid-wrapper'><article  class=\"article-icon-entry \"  itemscope=\"itemscope\" itemtype=\"https:\/\/schema.org\/CreativeWork\" ><div class='avia-icongrid-front' ><div class='avia-icongrid-inner'><div  class='avia-icongrid-icon  avia-font-entypo-fontello'><span class='icongrid-char ' aria-hidden='true' data-av_icon='\ue84c' data-av_iconfont='entypo-fontello'><\/span><\/div><header class=\"entry-content-header\"><h4 class='av_icongrid_title icongrid_title  '  itemprop=\"headline\"  >Tabella Applicazione<\/h4><\/header><\/div><\/div><div class='avia-icongrid-content' ><div class='avia-icongrid-inner' ><div class='avia-icongrid-text '  itemprop=\"text\" ><p>Grid Content goes here<\/p>\n<\/div><\/div><\/div><\/article><\/a><\/li>\n<li><a href='https:\/\/www.catenedaneve.com\/store\/content\/6-configuratori' title='Configuratore'  class='avia-icongrid-wrapper' ><article  class=\"article-icon-entry av-icongrid-empty\"  itemscope=\"itemscope\" itemtype=\"https:\/\/schema.org\/CreativeWork\" ><div class='avia-icongrid-front' ><div class='avia-icongrid-inner'><div  class='avia-icongrid-icon  avia-font-entypo-fontello'><span class='icongrid-char ' aria-hidden='true' data-av_icon='\ue845' data-av_iconfont='entypo-fontello'><\/span><\/div><header class=\"entry-content-header\"><h4 class='av_icongrid_title icongrid_title  '  itemprop=\"headline\"  >Configuratore<\/h4><\/header><\/div><\/div><div class='avia-icongrid-content' ><div class='avia-icongrid-inner' ><div class='avia-icongrid-text '  itemprop=\"text\" ><\/div><\/div><\/div><\/article><\/a><\/li>\n<li><a href='https:\/\/www.catenedaneve.com\/site\/catene-da-neve-konig-polar\/' title='Acquista'  class='avia-icongrid-wrapper' ><article  class=\"article-icon-entry av-icongrid-empty\"  itemscope=\"itemscope\" itemtype=\"https:\/\/schema.org\/CreativeWork\" ><div class='avia-icongrid-front' ><div class='avia-icongrid-inner'><div  class='avia-icongrid-icon  avia-font-entypo-fontello'><span class='icongrid-char ' aria-hidden='true' data-av_icon='\ue859' data-av_iconfont='entypo-fontello'><\/span><\/div><header class=\"entry-content-header\"><h4 class='av_icongrid_title icongrid_title  '  itemprop=\"headline\"  >Acquista<\/h4><\/header><\/div><\/div><div class='avia-icongrid-content' ><div class='avia-icongrid-inner' ><div class='avia-icongrid-text '  itemprop=\"text\" ><\/div><\/div><\/div><\/article><\/a><\/li>\n<\/ul><\/div>\n<\/div><\/div><\/div><!-- close content main div --><\/div><\/div><div id='after_section_1'  class='main_color av_default_container_wrap container_wrap sidebar_right' style=' '  ><div class='container' ><div class='template-page content  av-content-small alpha units'><div class='post-entry post-entry-type-page post-entry-5067'><div class='entry-content-wrapper clearfix'><\/p>\n","protected":false},"excerpt":{"rendered":"","protected":false},"author":2,"featured_media":0,"parent":0,"menu_order":0,"comment_status":"closed","ping_status":"closed","template":"","meta":{"_exactmetrics_skip_tracking":false,"_exactmetrics_sitenote_active":false,"_exactmetrics_sitenote_note":"","_exactmetrics_sitenote_category":0},"yoast_head":"<!-- This site is optimized with the Yoast SEO plugin v16.3 - https:\/\/yoast.com\/wordpress\/plugins\/seo\/ -->\n<title>Snow Chains K\u00f6nig Polar<\/title>\n<meta name=\"description\" content=\"Snow Chains K\u00f6nig Polar, the classic snow chain with reinforcements for off-road and commercial vehicles\" \/>\n<meta name=\"robots\" content=\"index, follow, max-snippet:-1, max-image-preview:large, max-video-preview:-1\" \/>\n<link rel=\"canonical\" href=\"https:\/\/www.catenedaneve.com\/site\/snow-chains-konig-polar\/\" \/>\n<meta property=\"og:locale\" content=\"it_IT\" \/>\n<meta property=\"og:type\" content=\"article\" \/>\n<meta property=\"og:title\" content=\"Snow Chains K\u00f6nig Polar\" \/>\n<meta property=\"og:description\" content=\"Snow Chains K\u00f6nig Polar, the classic snow chain with reinforcements for off-road and commercial vehicles\" \/>\n<meta property=\"og:url\" content=\"https:\/\/www.catenedaneve.com\/site\/snow-chains-konig-polar\/?lang=en\" \/>\n<meta property=\"og:site_name\" content=\"K2 Centro Catene da neve K\u00f6nig\" \/>\n<meta property=\"article:publisher\" content=\"https:\/\/www.facebook.com\/centrocateneneve\/\" \/>\n<meta property=\"article:modified_time\" content=\"2020-04-20T12:49:01+00:00\" \/>\n<meta property=\"og:image\" content=\"https:\/\/www.catenedaneve.com\/site\/wp-content\/uploads\/2019\/04\/Konig_PolarOffroad-195x300.jpg\" \/>\n<meta name=\"twitter:card\" content=\"summary_large_image\" \/>\n<meta name=\"twitter:site\" content=\"@neveforeveramen\" \/>\n<meta name=\"twitter:label1\" content=\"Tempo di lettura stimato\">\n\t<meta name=\"twitter:data1\" content=\"6 minuti\">\n<script type=\"application\/ld+json\" class=\"yoast-schema-graph\">{\"@context\":\"https:\/\/schema.org\",\"@graph\":[{\"@type\":\"Organization\",\"@id\":\"https:\/\/www.catenedaneve.com\/site\/#organization\",\"name\":\"K2 SRL\",\"url\":\"https:\/\/www.catenedaneve.com\/site\/\",\"sameAs\":[\"https:\/\/www.facebook.com\/centrocateneneve\/\",\"https:\/\/www.youtube.com\/user\/K2CentroCateneNeve\",\"https:\/\/twitter.com\/neveforeveramen\"],\"logo\":{\"@type\":\"ImageObject\",\"@id\":\"https:\/\/www.catenedaneve.com\/site\/#logo\",\"inLanguage\":\"it-IT\",\"url\":\"https:\/\/www.catenedaneve.com\/site\/wp-content\/uploads\/2019\/11\/k2_logo_medium.jpg\",\"contentUrl\":\"https:\/\/www.catenedaneve.com\/site\/wp-content\/uploads\/2019\/11\/k2_logo_medium.jpg\",\"width\":193,\"height\":140,\"caption\":\"K2 SRL\"},\"image\":{\"@id\":\"https:\/\/www.catenedaneve.com\/site\/#logo\"}},{\"@type\":\"WebSite\",\"@id\":\"https:\/\/www.catenedaneve.com\/site\/#website\",\"url\":\"https:\/\/www.catenedaneve.com\/site\/\",\"name\":\"Catene da neve Konig\",\"description\":\"catene da neve\",\"publisher\":{\"@id\":\"https:\/\/www.catenedaneve.com\/site\/#organization\"},\"potentialAction\":[{\"@type\":\"SearchAction\",\"target\":\"https:\/\/www.catenedaneve.com\/site\/?s={search_term_string}\",\"query-input\":\"required name=search_term_string\"}],\"inLanguage\":\"it-IT\"},{\"@type\":\"ImageObject\",\"@id\":\"https:\/\/www.catenedaneve.com\/site\/snow-chains-konig-polar\/?lang=en#primaryimage\",\"inLanguage\":\"it-IT\",\"url\":\"https:\/\/www.catenedaneve.com\/site\/wp-content\/uploads\/2019\/04\/Konig_PolarOffroad.jpg\",\"contentUrl\":\"https:\/\/www.catenedaneve.com\/site\/wp-content\/uploads\/2019\/04\/Konig_PolarOffroad.jpg\",\"width\":1401,\"height\":2152,\"caption\":\"Catene da neve Konig Polar Off Road\"},{\"@type\":\"WebPage\",\"@id\":\"https:\/\/www.catenedaneve.com\/site\/snow-chains-konig-polar\/?lang=en#webpage\",\"url\":\"https:\/\/www.catenedaneve.com\/site\/snow-chains-konig-polar\/?lang=en\",\"name\":\"Snow Chains K\\u00f6nig Polar\",\"isPartOf\":{\"@id\":\"https:\/\/www.catenedaneve.com\/site\/#website\"},\"primaryImageOfPage\":{\"@id\":\"https:\/\/www.catenedaneve.com\/site\/snow-chains-konig-polar\/?lang=en#primaryimage\"},\"datePublished\":\"2019-04-12T15:04:01+00:00\",\"dateModified\":\"2020-04-20T12:49:01+00:00\",\"description\":\"Snow Chains K\\u00f6nig Polar, the classic snow chain with reinforcements for off-road and commercial vehicles\",\"breadcrumb\":{\"@id\":\"https:\/\/www.catenedaneve.com\/site\/snow-chains-konig-polar\/?lang=en#breadcrumb\"},\"inLanguage\":\"it-IT\",\"potentialAction\":[{\"@type\":\"ReadAction\",\"target\":[\"https:\/\/www.catenedaneve.com\/site\/snow-chains-konig-polar\/?lang=en\"]}]},{\"@type\":\"BreadcrumbList\",\"@id\":\"https:\/\/www.catenedaneve.com\/site\/snow-chains-konig-polar\/?lang=en#breadcrumb\",\"itemListElement\":[{\"@type\":\"ListItem\",\"position\":1,\"item\":{\"@type\":\"WebPage\",\"@id\":\"https:\/\/www.catenedaneve.com\/site\/\",\"url\":\"https:\/\/www.catenedaneve.com\/site\/\",\"name\":\"Home\"}},{\"@type\":\"ListItem\",\"position\":2,\"item\":{\"@id\":\"https:\/\/www.catenedaneve.com\/site\/snow-chains-konig-polar\/?lang=en#webpage\"}}]}]}<\/script>\n<!-- \/ Yoast SEO plugin. -->","_links":{"self":[{"href":"https:\/\/www.catenedaneve.com\/site\/wp-json\/wp\/v2\/pages\/5067"}],"collection":[{"href":"https:\/\/www.catenedaneve.com\/site\/wp-json\/wp\/v2\/pages"}],"about":[{"href":"https:\/\/www.catenedaneve.com\/site\/wp-json\/wp\/v2\/types\/page"}],"author":[{"embeddable":true,"href":"https:\/\/www.catenedaneve.com\/site\/wp-json\/wp\/v2\/users\/2"}],"replies":[{"embeddable":true,"href":"https:\/\/www.catenedaneve.com\/site\/wp-json\/wp\/v2\/comments?post=5067"}],"version-history":[{"count":0,"href":"https:\/\/www.catenedaneve.com\/site\/wp-json\/wp\/v2\/pages\/5067\/revisions"}],"wp:attachment":[{"href":"https:\/\/www.catenedaneve.com\/site\/wp-json\/wp\/v2\/media?parent=5067"}],"curies":[{"name":"wp","href":"https:\/\/api.w.org\/{rel}","templated":true}]}}