{"id":4980,"date":"2019-04-12T12:25:48","date_gmt":"2019-04-12T10:25:48","guid":{"rendered":"https:\/\/www.catenedaneve.com\/site\/catene-da-neve-konig-per-auto\/"},"modified":"2021-06-17T17:09:12","modified_gmt":"2021-06-17T15:09:12","slug":"konig-snow-chains-for-cars","status":"publish","type":"page","link":"https:\/\/www.catenedaneve.com\/site\/konig-snow-chains-for-cars\/?lang=en","title":{"rendered":"K\u00f6nig Snow Chains for Cars"},"content":{"rendered":"<div id='av_section_1'  class='avia-section main_color avia-section-default avia-no-border-styling  av-section-color-overlay-active avia-bg-style-scroll  avia-builder-el-0  el_before_av_section  avia-builder-el-first   av-minimum-height av-minimum-height-custom  container_wrap sidebar_right' style='background-repeat: no-repeat; background-image: url(https:\/\/www.catenedaneve.com\/site\/wp-content\/uploads\/2019\/04\/Konig_AUDI_K-Summit_HR-2.jpg);background-attachment: scroll; background-position: center center;  '  data-section-bg-repeat='no-repeat'><div class='av-section-color-overlay-wrap'><div class='av-section-color-overlay' style='opacity: 0.5; background-color: #35383c; '><\/div><div class='container' style='height:400px'><main  role=\"main\" itemprop=\"mainContentOfPage\"  class='template-page content  av-content-small alpha units'><div class='post-entry post-entry-type-page post-entry-4980'><div class='entry-content-wrapper clearfix'>\n<div  style='padding-bottom:10px; color:#ffffff;' class='av-special-heading av-special-heading-h1 custom-color-heading blockquote modern-quote modern-centered  avia-builder-el-1  avia-builder-el-no-sibling  '><h1 class='av-special-heading-tag '  itemprop=\"headline\"  >Catene Da Neve K\u00f6nig Per Auto<\/h1><div class='special-heading-border'><div class='special-heading-inner-border' style='border-color:#ffffff'><\/div><\/div><\/div>\n\n<\/div><\/div><\/main><!-- close content main element --><\/div><\/div><\/div><div id='av_section_2'  class='avia-section main_color avia-section-default avia-no-border-styling  avia-bg-style-scroll  avia-builder-el-2  el_after_av_section  el_before_av_one_full   av-arrow-down-section container_wrap sidebar_right' style='background-color: #d1d1d1;  '  ><div class='container' ><div class='template-page content  av-content-small alpha units'><div class='post-entry post-entry-type-page post-entry-4980'><div class='entry-content-wrapper clearfix'>\n<section class=\"av_textblock_section \"  itemscope=\"itemscope\" itemtype=\"https:\/\/schema.org\/CreativeWork\" ><div class='avia_textblock  '   itemprop=\"text\" ><p>Our goal is to help you choose the right snow chains for your vehicle. First of all, check if your vehicle has limitations on the type of chain you can fit. It is written on the Use and Maintenance Booklet under the heading &#8220;snow chains&#8221; You can use the K\u00f6nig Vehicle Chart. If there are no particular limitations, you can choose easy-to-assemble snow chains like the K\u00f6nig K-Summit and the K\u00f6nig Easy-fit CU-9 or chains with traditional mounting with auto-tensioner (you mount the chain and\u00a0 don&#8217;t have to stop again) like the K\u00f6nig CS-9 (which also has an easy disassembly system) or the K\u00f6nig CG-9. If you are looking for a chain without a self-tensioner (you mount it, drive a few meters and then stop to retension) we recommend the K\u00f6nig CD-9 or the K\u00f6nig E9 economic line.<\/p>\n<\/div><\/section>\n<\/div><\/div><\/div><!-- close content main div --><\/div><div class='av-extra-border-element border-extra-arrow-down'><div class='av-extra-border-outer'><div class='av-extra-border-inner'  style='background-color:#d1d1d1;' ><\/div><\/div><\/div><\/div><div id='after_section_2'  class='main_color av_default_container_wrap container_wrap sidebar_right' style=' '  ><div class='container' ><div class='template-page content  av-content-small alpha units'><div class='post-entry post-entry-type-page post-entry-4980'><div class='entry-content-wrapper clearfix'><div class=\"flex_column av_one_full  av-animated-generic top-to-bottom  flex_column_div av-zero-column-padding first  avia-builder-el-4  el_after_av_section  el_before_av_one_full  avia-builder-el-first  \" style='border-radius:0px; '><div  id=\"accordion_slider_1\"  class='aviaccordion aviaccordion-title-active  ' style='max-height:705px' data-av-maxheight='705' data-autoplay='false' data-interval='5'   itemscope=\"itemscope\" itemtype=\"https:\/\/schema.org\/Blog\" ><ul class='aviaccordion-inner'><li class='aviaccordion-slide aviaccordion-slide-1' style='left:0%' data-av-left='0'  itemscope=\"itemscope\" itemtype=\"https:\/\/schema.org\/CreativeWork\" ><a class='aviaccordion-slide-link noHover' href=\"https:\/\/www.catenedaneve.com\/site\/snow-chains-konig-easy-fit-cu-9\/?lang=en\"  ><div class='aviaccordion-preview ' style='width:20.1%'><div class='aviaccordion-preview-title-pos'><div class='aviaccordion-preview-title-wrap'><div class='aviaccordion-preview-title'><h3 class='aviaccordion-title  '  itemprop=\"headline\"  >Konig Easy-fit CU-9: the fastest<\/h3><\/div><\/div><\/div><\/div><img width=\"555\" height=\"705\" src=\"https:\/\/www.catenedaneve.com\/site\/wp-content\/uploads\/2019\/03\/Konig_EasyfitCU9_oblique-1-555x705.jpg\" class=\"avia-img-lazy-loading-not-3757 aviaccordion-image\" alt=\"catene da neve Konig Easy-fit CU-9 obliquo\" srcset=\"https:\/\/www.catenedaneve.com\/site\/wp-content\/uploads\/2019\/03\/Konig_EasyfitCU9_oblique-1-555x705.jpg 555w, https:\/\/www.catenedaneve.com\/site\/wp-content\/uploads\/2019\/03\/Konig_EasyfitCU9_oblique-1-236x300.jpg 236w, https:\/\/www.catenedaneve.com\/site\/wp-content\/uploads\/2019\/03\/Konig_EasyfitCU9_oblique-1-768x976.jpg 768w, https:\/\/www.catenedaneve.com\/site\/wp-content\/uploads\/2019\/03\/Konig_EasyfitCU9_oblique-1-450x572.jpg 450w, https:\/\/www.catenedaneve.com\/site\/wp-content\/uploads\/2019\/03\/Konig_EasyfitCU9_oblique-1.jpg 779w\" sizes=\"(max-width: 555px) 100vw, 555px\" \/><\/a><\/li><li class='aviaccordion-slide aviaccordion-slide-2' style='left:20%' data-av-left='20'  itemscope=\"itemscope\" itemtype=\"https:\/\/schema.org\/CreativeWork\" ><a class='aviaccordion-slide-link noHover' href=\"https:\/\/www.catenedaneve.com\/site\/snow-chains-konig-k-summit\/?lang=en\"  ><div class='aviaccordion-preview ' style='width:20.1%'><div class='aviaccordion-preview-title-pos'><div class='aviaccordion-preview-title-wrap'><div class='aviaccordion-preview-title'><h3 class='aviaccordion-title  '  itemprop=\"headline\"  >Konig K-Summit, innovative<\/h3><\/div><\/div><\/div><\/div><img width=\"567\" height=\"705\" src=\"https:\/\/www.catenedaneve.com\/site\/wp-content\/uploads\/2019\/03\/Konig_KSummit_oblique-567x705.jpg\" class=\"avia-img-lazy-loading-not-3779 aviaccordion-image\" alt=\"catene da neve Konig K-Summit obliquo\" srcset=\"https:\/\/www.catenedaneve.com\/site\/wp-content\/uploads\/2019\/03\/Konig_KSummit_oblique-567x705.jpg 567w, https:\/\/www.catenedaneve.com\/site\/wp-content\/uploads\/2019\/03\/Konig_KSummit_oblique-241x300.jpg 241w, https:\/\/www.catenedaneve.com\/site\/wp-content\/uploads\/2019\/03\/Konig_KSummit_oblique-768x955.jpg 768w, https:\/\/www.catenedaneve.com\/site\/wp-content\/uploads\/2019\/03\/Konig_KSummit_oblique-450x560.jpg 450w, https:\/\/www.catenedaneve.com\/site\/wp-content\/uploads\/2019\/03\/Konig_KSummit_oblique.jpg 796w\" sizes=\"(max-width: 567px) 100vw, 567px\" \/><\/a><\/li><li class='aviaccordion-slide aviaccordion-slide-3' style='left:40%' data-av-left='40'  itemscope=\"itemscope\" itemtype=\"https:\/\/schema.org\/CreativeWork\" ><a class='aviaccordion-slide-link noHover' href=\"https:\/\/www.catenedaneve.com\/site\/snow-chains-konig-k-slim\/?lang=en\"  ><div class='aviaccordion-preview ' style='width:20.1%'><div class='aviaccordion-preview-title-pos'><div class='aviaccordion-preview-title-wrap'><div class='aviaccordion-preview-title'><h3 class='aviaccordion-title  '  itemprop=\"headline\"  >Konig K-Slim, the thinnest<\/h3><\/div><\/div><\/div><\/div><img width=\"564\" height=\"705\" src=\"https:\/\/www.catenedaneve.com\/site\/wp-content\/uploads\/2019\/03\/Konig_KSlim_oblique-564x705.jpg\" class=\"avia-img-lazy-loading-not-3773 aviaccordion-image\" alt=\"catene da neve Konig K-Slim obliquo\" srcset=\"https:\/\/www.catenedaneve.com\/site\/wp-content\/uploads\/2019\/03\/Konig_KSlim_oblique-564x705.jpg 564w, https:\/\/www.catenedaneve.com\/site\/wp-content\/uploads\/2019\/03\/Konig_KSlim_oblique-240x300.jpg 240w, https:\/\/www.catenedaneve.com\/site\/wp-content\/uploads\/2019\/03\/Konig_KSlim_oblique-768x960.jpg 768w, https:\/\/www.catenedaneve.com\/site\/wp-content\/uploads\/2019\/03\/Konig_KSlim_oblique-450x563.jpg 450w, https:\/\/www.catenedaneve.com\/site\/wp-content\/uploads\/2019\/03\/Konig_KSlim_oblique.jpg 792w\" sizes=\"(max-width: 564px) 100vw, 564px\" \/><\/a><\/li><li class='aviaccordion-slide aviaccordion-slide-4' style='left:60%' data-av-left='60'  itemscope=\"itemscope\" itemtype=\"https:\/\/schema.org\/CreativeWork\" ><a class='aviaccordion-slide-link noHover' href=\"https:\/\/www.catenedaneve.com\/site\/snow-chains-konig-cb-7\/?lang=en\"  ><div class='aviaccordion-preview ' style='width:20.1%'><div class='aviaccordion-preview-title-pos'><div class='aviaccordion-preview-title-wrap'><div class='aviaccordion-preview-title'><h3 class='aviaccordion-title  '  itemprop=\"headline\"  >Konig CB-7, 7mm economic<\/h3><\/div><\/div><\/div><\/div><img width=\"584\" height=\"705\" src=\"https:\/\/www.catenedaneve.com\/site\/wp-content\/uploads\/2019\/03\/Konig_CB7_oblique-584x705.jpg\" class=\"avia-img-lazy-loading-not-3719 aviaccordion-image\" alt=\"catene da neve Konig CB-7 obliquo\" srcset=\"https:\/\/www.catenedaneve.com\/site\/wp-content\/uploads\/2019\/03\/Konig_CB7_oblique-584x705.jpg 584w, https:\/\/www.catenedaneve.com\/site\/wp-content\/uploads\/2019\/03\/Konig_CB7_oblique-248x300.jpg 248w, https:\/\/www.catenedaneve.com\/site\/wp-content\/uploads\/2019\/03\/Konig_CB7_oblique-768x927.jpg 768w, https:\/\/www.catenedaneve.com\/site\/wp-content\/uploads\/2019\/03\/Konig_CB7_oblique-450x543.jpg 450w, https:\/\/www.catenedaneve.com\/site\/wp-content\/uploads\/2019\/03\/Konig_CB7_oblique.jpg 820w\" sizes=\"(max-width: 584px) 100vw, 584px\" \/><\/a><\/li><li class='aviaccordion-slide aviaccordion-slide-5' style='left:80%' data-av-left='80'  itemscope=\"itemscope\" itemtype=\"https:\/\/schema.org\/CreativeWork\" ><a class='aviaccordion-slide-link noHover' href=\"https:\/\/www.catenedaneve.com\/site\/snow-chains-konig-cs-9\/?lang=en\"  ><div class='aviaccordion-preview ' style='width:20.1%'><div class='aviaccordion-preview-title-pos'><div class='aviaccordion-preview-title-wrap'><div class='aviaccordion-preview-title'><h3 class='aviaccordion-title  '  itemprop=\"headline\"  >Konig CS-9, easy dismount<\/h3><\/div><\/div><\/div><\/div><img width=\"578\" height=\"705\" src=\"https:\/\/www.catenedaneve.com\/site\/wp-content\/uploads\/2019\/03\/Konig_CS9_oblique-578x705.jpg\" class=\"avia-img-lazy-loading-not-3749 aviaccordion-image\" alt=\"catene da neve Konig CS-9 obliquo\" srcset=\"https:\/\/www.catenedaneve.com\/site\/wp-content\/uploads\/2019\/03\/Konig_CS9_oblique-578x705.jpg 578w, https:\/\/www.catenedaneve.com\/site\/wp-content\/uploads\/2019\/03\/Konig_CS9_oblique-246x300.jpg 246w, https:\/\/www.catenedaneve.com\/site\/wp-content\/uploads\/2019\/03\/Konig_CS9_oblique-768x938.jpg 768w, https:\/\/www.catenedaneve.com\/site\/wp-content\/uploads\/2019\/03\/Konig_CS9_oblique-450x549.jpg 450w, https:\/\/www.catenedaneve.com\/site\/wp-content\/uploads\/2019\/03\/Konig_CS9_oblique.jpg 811w\" sizes=\"(max-width: 578px) 100vw, 578px\" \/><\/a><\/li><\/ul><div class='aviaccordion-spacer' style='padding-bottom:100%'><\/div><\/div><\/div><\/p>\n<div class=\"flex_column av_one_full  av-animated-generic top-to-bottom  flex_column_div av-zero-column-padding first  avia-builder-el-6  el_after_av_one_full  el_before_av_hr  column-top-margin\" style='border-radius:0px; '><div  id=\"accordion_slider_2\"  class='aviaccordion aviaccordion-title-active  ' style='max-height:705px' data-av-maxheight='705' data-autoplay='false' data-interval='5'   itemscope=\"itemscope\" itemtype=\"https:\/\/schema.org\/Blog\" ><ul class='aviaccordion-inner'><li class='aviaccordion-slide aviaccordion-slide-1' style='left:0%' data-av-left='0'  itemscope=\"itemscope\" itemtype=\"https:\/\/schema.org\/CreativeWork\" ><a class='aviaccordion-slide-link noHover' href=\"https:\/\/www.catenedaneve.com\/site\/snow-chains-konig-cg-9\/?lang=en\"  ><div class='aviaccordion-preview ' style='width:25.1%'><div class='aviaccordion-preview-title-pos'><div class='aviaccordion-preview-title-wrap'><div class='aviaccordion-preview-title'><h3 class='aviaccordion-title  '  itemprop=\"headline\"  >Konig CG-9, comfort<\/h3><\/div><\/div><\/div><\/div><img width=\"579\" height=\"705\" src=\"https:\/\/www.catenedaneve.com\/site\/wp-content\/uploads\/2019\/03\/Konig_CG9_oblique-579x705.jpg\" class=\"avia-img-lazy-loading-not-3737 aviaccordion-image\" alt=\"catene da neve Konig CG-9 obliquo\" srcset=\"https:\/\/www.catenedaneve.com\/site\/wp-content\/uploads\/2019\/03\/Konig_CG9_oblique-579x705.jpg 579w, https:\/\/www.catenedaneve.com\/site\/wp-content\/uploads\/2019\/03\/Konig_CG9_oblique-246x300.jpg 246w, https:\/\/www.catenedaneve.com\/site\/wp-content\/uploads\/2019\/03\/Konig_CG9_oblique-768x935.jpg 768w, https:\/\/www.catenedaneve.com\/site\/wp-content\/uploads\/2019\/03\/Konig_CG9_oblique-450x548.jpg 450w, https:\/\/www.catenedaneve.com\/site\/wp-content\/uploads\/2019\/03\/Konig_CG9_oblique.jpg 813w\" sizes=\"(max-width: 579px) 100vw, 579px\" \/><\/a><\/li><li class='aviaccordion-slide aviaccordion-slide-2' style='left:25%' data-av-left='25'  itemscope=\"itemscope\" itemtype=\"https:\/\/schema.org\/CreativeWork\" ><a class='aviaccordion-slide-link noHover' href=\"https:\/\/www.catenedaneve.com\/site\/snow-chains-konig-cd-9\/?lang=en\"  ><div class='aviaccordion-preview ' style='width:25.1%'><div class='aviaccordion-preview-title-pos'><div class='aviaccordion-preview-title-wrap'><div class='aviaccordion-preview-title'><h3 class='aviaccordion-title  '  itemprop=\"headline\"  >Konig CD-9, reliable<\/h3><\/div><\/div><\/div><\/div><img width=\"565\" height=\"705\" src=\"https:\/\/www.catenedaneve.com\/site\/wp-content\/uploads\/2019\/03\/Konig_XB16_oblique-565x705.jpg\" class=\"avia-img-lazy-loading-not-3797 aviaccordion-image\" alt=\"catene da neve Konig XD-16 obliquo\" srcset=\"https:\/\/www.catenedaneve.com\/site\/wp-content\/uploads\/2019\/03\/Konig_XB16_oblique-565x705.jpg 565w, https:\/\/www.catenedaneve.com\/site\/wp-content\/uploads\/2019\/03\/Konig_XB16_oblique-240x300.jpg 240w, https:\/\/www.catenedaneve.com\/site\/wp-content\/uploads\/2019\/03\/Konig_XB16_oblique-768x959.jpg 768w, https:\/\/www.catenedaneve.com\/site\/wp-content\/uploads\/2019\/03\/Konig_XB16_oblique-450x562.jpg 450w, https:\/\/www.catenedaneve.com\/site\/wp-content\/uploads\/2019\/03\/Konig_XB16_oblique.jpg 793w\" sizes=\"(max-width: 565px) 100vw, 565px\" \/><\/a><\/li><li class='aviaccordion-slide aviaccordion-slide-3' style='left:50%' data-av-left='50'  itemscope=\"itemscope\" itemtype=\"https:\/\/schema.org\/CreativeWork\" ><a class='aviaccordion-slide-link noHover' href=\"https:\/\/www.catenedaneve.com\/site\/snow-chains-konig-cl-10\/?lang=en\"  ><div class='aviaccordion-preview ' style='width:25.1%'><div class='aviaccordion-preview-title-pos'><div class='aviaccordion-preview-title-wrap'><div class='aviaccordion-preview-title'><h3 class='aviaccordion-title  '  itemprop=\"headline\"  >Konig CL-10, icebreaker<\/h3><\/div><\/div><\/div><\/div><img width=\"573\" height=\"705\" src=\"https:\/\/www.catenedaneve.com\/site\/wp-content\/uploads\/2019\/03\/Konig_CL10_oblique-573x705.jpg\" class=\"avia-img-lazy-loading-not-3743 aviaccordion-image\" alt=\"catene da neve Konig CL-10 obliquo\" srcset=\"https:\/\/www.catenedaneve.com\/site\/wp-content\/uploads\/2019\/03\/Konig_CL10_oblique-573x705.jpg 573w, https:\/\/www.catenedaneve.com\/site\/wp-content\/uploads\/2019\/03\/Konig_CL10_oblique-244x300.jpg 244w, https:\/\/www.catenedaneve.com\/site\/wp-content\/uploads\/2019\/03\/Konig_CL10_oblique-768x946.jpg 768w, https:\/\/www.catenedaneve.com\/site\/wp-content\/uploads\/2019\/03\/Konig_CL10_oblique-450x554.jpg 450w, https:\/\/www.catenedaneve.com\/site\/wp-content\/uploads\/2019\/03\/Konig_CL10_oblique.jpg 804w\" sizes=\"(max-width: 573px) 100vw, 573px\" \/><\/a><\/li><li class='aviaccordion-slide aviaccordion-slide-4' style='left:75%' data-av-left='75'  itemscope=\"itemscope\" itemtype=\"https:\/\/schema.org\/CreativeWork\" ><a class='aviaccordion-slide-link noHover' href=\"https:\/\/www.catenedaneve.com\/site\/snow-chains-konig-e9\/?lang=en\"  ><div class='aviaccordion-preview ' style='width:25.1%'><div class='aviaccordion-preview-title-pos'><div class='aviaccordion-preview-title-wrap'><div class='aviaccordion-preview-title'><h3 class='aviaccordion-title  '  itemprop=\"headline\"  >Konig E9, economic<\/h3><\/div><\/div><\/div><\/div><img width=\"439\" height=\"705\" src=\"https:\/\/www.catenedaneve.com\/site\/wp-content\/uploads\/2019\/03\/E9-1-439x705.jpg\" class=\"avia-img-lazy-loading-not-3820 aviaccordion-image\" alt=\"catene da neve Konig E9\" srcset=\"https:\/\/www.catenedaneve.com\/site\/wp-content\/uploads\/2019\/03\/E9-1-439x705.jpg 439w, https:\/\/www.catenedaneve.com\/site\/wp-content\/uploads\/2019\/03\/E9-1-187x300.jpg 187w, https:\/\/www.catenedaneve.com\/site\/wp-content\/uploads\/2019\/03\/E9-1-450x723.jpg 450w, https:\/\/www.catenedaneve.com\/site\/wp-content\/uploads\/2019\/03\/E9-1.jpg 622w\" sizes=\"(max-width: 439px) 100vw, 439px\" \/><\/a><\/li><\/ul><div class='aviaccordion-spacer' style='padding-bottom:100%'><\/div><\/div><\/div>\n<div   class='hr hr-default   avia-builder-el-8  el_after_av_one_full  avia-builder-el-last '><span class='hr-inner ' ><span class='hr-inner-style'><\/span><\/span><\/div>\n","protected":false},"excerpt":{"rendered":"","protected":false},"author":2,"featured_media":0,"parent":0,"menu_order":0,"comment_status":"closed","ping_status":"closed","template":"","meta":{"_exactmetrics_skip_tracking":false,"_exactmetrics_sitenote_active":false,"_exactmetrics_sitenote_note":"","_exactmetrics_sitenote_category":0},"yoast_head":"<!-- This site is optimized with the Yoast SEO plugin v16.3 - https:\/\/yoast.com\/wordpress\/plugins\/seo\/ -->\n<title>Sale and assistance<\/title>\n<meta name=\"description\" content=\"Konig snow chains for cars are the right solution for any type of car even those that could not use chains. Ask for a quotation.\" \/>\n<meta name=\"robots\" content=\"index, follow, max-snippet:-1, max-image-preview:large, max-video-preview:-1\" \/>\n<link rel=\"canonical\" href=\"https:\/\/www.catenedaneve.com\/site\/konig-snow-chains-for-cars\/\" \/>\n<meta property=\"og:locale\" content=\"it_IT\" \/>\n<meta property=\"og:type\" content=\"article\" \/>\n<meta property=\"og:title\" content=\"Sale and assistance\" \/>\n<meta property=\"og:description\" content=\"Konig snow chains for cars are the right solution for any type of car even those that could not use chains. Ask for a quotation.\" \/>\n<meta property=\"og:url\" content=\"https:\/\/www.catenedaneve.com\/site\/konig-snow-chains-for-cars\/?lang=en\" \/>\n<meta property=\"og:site_name\" content=\"K2 Centro Catene da neve K\u00f6nig\" \/>\n<meta property=\"article:publisher\" content=\"https:\/\/www.facebook.com\/centrocateneneve\/\" \/>\n<meta property=\"article:modified_time\" content=\"2021-06-17T15:09:12+00:00\" \/>\n<meta name=\"twitter:card\" content=\"summary_large_image\" \/>\n<meta name=\"twitter:site\" content=\"@neveforeveramen\" \/>\n<meta name=\"twitter:label1\" content=\"Tempo di lettura stimato\">\n\t<meta name=\"twitter:data1\" content=\"8 minuti\">\n<script type=\"application\/ld+json\" class=\"yoast-schema-graph\">{\"@context\":\"https:\/\/schema.org\",\"@graph\":[{\"@type\":\"Organization\",\"@id\":\"https:\/\/www.catenedaneve.com\/site\/#organization\",\"name\":\"K2 SRL\",\"url\":\"https:\/\/www.catenedaneve.com\/site\/\",\"sameAs\":[\"https:\/\/www.facebook.com\/centrocateneneve\/\",\"https:\/\/www.youtube.com\/user\/K2CentroCateneNeve\",\"https:\/\/twitter.com\/neveforeveramen\"],\"logo\":{\"@type\":\"ImageObject\",\"@id\":\"https:\/\/www.catenedaneve.com\/site\/#logo\",\"inLanguage\":\"it-IT\",\"url\":\"https:\/\/www.catenedaneve.com\/site\/wp-content\/uploads\/2019\/11\/k2_logo_medium.jpg\",\"contentUrl\":\"https:\/\/www.catenedaneve.com\/site\/wp-content\/uploads\/2019\/11\/k2_logo_medium.jpg\",\"width\":193,\"height\":140,\"caption\":\"K2 SRL\"},\"image\":{\"@id\":\"https:\/\/www.catenedaneve.com\/site\/#logo\"}},{\"@type\":\"WebSite\",\"@id\":\"https:\/\/www.catenedaneve.com\/site\/#website\",\"url\":\"https:\/\/www.catenedaneve.com\/site\/\",\"name\":\"Catene da neve Konig\",\"description\":\"catene da neve\",\"publisher\":{\"@id\":\"https:\/\/www.catenedaneve.com\/site\/#organization\"},\"potentialAction\":[{\"@type\":\"SearchAction\",\"target\":\"https:\/\/www.catenedaneve.com\/site\/?s={search_term_string}\",\"query-input\":\"required name=search_term_string\"}],\"inLanguage\":\"it-IT\"},{\"@type\":\"WebPage\",\"@id\":\"https:\/\/www.catenedaneve.com\/site\/konig-snow-chains-for-cars\/?lang=en#webpage\",\"url\":\"https:\/\/www.catenedaneve.com\/site\/konig-snow-chains-for-cars\/?lang=en\",\"name\":\"Sale and assistance\",\"isPartOf\":{\"@id\":\"https:\/\/www.catenedaneve.com\/site\/#website\"},\"datePublished\":\"2019-04-12T10:25:48+00:00\",\"dateModified\":\"2021-06-17T15:09:12+00:00\",\"description\":\"Konig snow chains for cars are the right solution for any type of car even those that could not use chains. Ask for a quotation.\",\"breadcrumb\":{\"@id\":\"https:\/\/www.catenedaneve.com\/site\/konig-snow-chains-for-cars\/?lang=en#breadcrumb\"},\"inLanguage\":\"it-IT\",\"potentialAction\":[{\"@type\":\"ReadAction\",\"target\":[\"https:\/\/www.catenedaneve.com\/site\/konig-snow-chains-for-cars\/?lang=en\"]}]},{\"@type\":\"BreadcrumbList\",\"@id\":\"https:\/\/www.catenedaneve.com\/site\/konig-snow-chains-for-cars\/?lang=en#breadcrumb\",\"itemListElement\":[{\"@type\":\"ListItem\",\"position\":1,\"item\":{\"@type\":\"WebPage\",\"@id\":\"https:\/\/www.catenedaneve.com\/site\/\",\"url\":\"https:\/\/www.catenedaneve.com\/site\/\",\"name\":\"Home\"}},{\"@type\":\"ListItem\",\"position\":2,\"item\":{\"@id\":\"https:\/\/www.catenedaneve.com\/site\/konig-snow-chains-for-cars\/?lang=en#webpage\"}}]}]}<\/script>\n<!-- \/ Yoast SEO plugin. -->","_links":{"self":[{"href":"https:\/\/www.catenedaneve.com\/site\/wp-json\/wp\/v2\/pages\/4980"}],"collection":[{"href":"https:\/\/www.catenedaneve.com\/site\/wp-json\/wp\/v2\/pages"}],"about":[{"href":"https:\/\/www.catenedaneve.com\/site\/wp-json\/wp\/v2\/types\/page"}],"author":[{"embeddable":true,"href":"https:\/\/www.catenedaneve.com\/site\/wp-json\/wp\/v2\/users\/2"}],"replies":[{"embeddable":true,"href":"https:\/\/www.catenedaneve.com\/site\/wp-json\/wp\/v2\/comments?post=4980"}],"version-history":[{"count":9,"href":"https:\/\/www.catenedaneve.com\/site\/wp-json\/wp\/v2\/pages\/4980\/revisions"}],"predecessor-version":[{"id":6130,"href":"https:\/\/www.catenedaneve.com\/site\/wp-json\/wp\/v2\/pages\/4980\/revisions\/6130"}],"wp:attachment":[{"href":"https:\/\/www.catenedaneve.com\/site\/wp-json\/wp\/v2\/media?parent=4980"}],"curies":[{"name":"wp","href":"https:\/\/api.w.org\/{rel}","templated":true}]}}