{"id":4361,"date":"2019-04-04T17:26:54","date_gmt":"2019-04-04T15:26:54","guid":{"rendered":"https:\/\/www.catenedaneve.com\/site\/?page_id=4361"},"modified":"2023-05-17T16:54:56","modified_gmt":"2023-05-17T14:54:56","slug":"catene-da-neve-konig-k-slim","status":"publish","type":"page","link":"https:\/\/www.catenedaneve.com\/site\/catene-da-neve-konig-k-slim\/","title":{"rendered":"Catene da neve K\u00f6nig K-Slim"},"content":{"rendered":"<div class=\"flex_column av_one_half  av-animated-generic left-to-right  flex_column_div av-zero-column-padding first  avia-builder-el-0  el_before_av_one_half  avia-builder-el-first  \" style='background: #f7f7f7; background-color:#f7f7f7; border-radius:0px; '><p><div  class=\"tabcontainer   top_tab   avia-builder-el-1  el_before_av_video  avia-builder-el-first \" role=\"tablist\">\n\n<section class=\"av_tab_section\"  itemscope=\"itemscope\" itemtype=\"https:\/\/schema.org\/CreativeWork\" ><div aria-controls=\"tab-id-1-content\" role=\"tab\" tabindex=\"0\" data-fake-id=\"#tab-id-1\" class=\"tab active_tab\"  itemprop=\"headline\" ><span class='tab_icon' aria-hidden='true' data-av_icon='\ue80f' data-av_iconfont='entypo-fontello'><\/span>Fronte<\/div>\n<div id=\"tab-id-1-content\" class=\"tab_content active_tab_content\" aria-hidden=\"false\">\n<div class=\"tab_inner_content invers-color\"  itemprop=\"text\" >\n<p><img loading=\"lazy\" class=\"alignnone size-medium wp-image-6464 aligncenter\" src=\"https:\/\/www.catenedaneve.com\/site\/wp-content\/uploads\/2023\/05\/Konig_KSlim_front-298x300.jpg\" alt=\"\" width=\"298\" height=\"300\" srcset=\"https:\/\/www.catenedaneve.com\/site\/wp-content\/uploads\/2023\/05\/Konig_KSlim_front-298x300.jpg 298w, https:\/\/www.catenedaneve.com\/site\/wp-content\/uploads\/2023\/05\/Konig_KSlim_front-80x80.jpg 80w, https:\/\/www.catenedaneve.com\/site\/wp-content\/uploads\/2023\/05\/Konig_KSlim_front-768x774.jpg 768w, https:\/\/www.catenedaneve.com\/site\/wp-content\/uploads\/2023\/05\/Konig_KSlim_front-36x36.jpg 36w, https:\/\/www.catenedaneve.com\/site\/wp-content\/uploads\/2023\/05\/Konig_KSlim_front-180x180.jpg 180w, https:\/\/www.catenedaneve.com\/site\/wp-content\/uploads\/2023\/05\/Konig_KSlim_front-699x705.jpg 699w, https:\/\/www.catenedaneve.com\/site\/wp-content\/uploads\/2023\/05\/Konig_KSlim_front.jpg 982w\" sizes=\"(max-width: 298px) 100vw, 298px\" \/><\/p>\n\n<\/div>\n<\/div>\n<\/section>\n\n<section class=\"av_tab_section\"  itemscope=\"itemscope\" itemtype=\"https:\/\/schema.org\/CreativeWork\" ><div aria-controls=\"tab-id-2-content\" role=\"tab\" tabindex=\"0\" data-fake-id=\"#tab-id-2\" class=\"tab \"  itemprop=\"headline\" ><span class='tab_icon' aria-hidden='true' data-av_icon='\ue80f' data-av_iconfont='entypo-fontello'><\/span>Obliquo<\/div>\n<div id=\"tab-id-2-content\" class=\"tab_content \" aria-hidden=\"true\">\n<div class=\"tab_inner_content invers-color\"  itemprop=\"text\" >\n<p><img loading=\"lazy\" class=\"alignnone size-medium wp-image-6466 aligncenter\" src=\"https:\/\/www.catenedaneve.com\/site\/wp-content\/uploads\/2023\/05\/Konig_KSlim_oblique-262x300.jpg\" alt=\"\" width=\"262\" height=\"300\" srcset=\"https:\/\/www.catenedaneve.com\/site\/wp-content\/uploads\/2023\/05\/Konig_KSlim_oblique-262x300.jpg 262w, https:\/\/www.catenedaneve.com\/site\/wp-content\/uploads\/2023\/05\/Konig_KSlim_oblique-768x878.jpg 768w, https:\/\/www.catenedaneve.com\/site\/wp-content\/uploads\/2023\/05\/Konig_KSlim_oblique-617x705.jpg 617w, https:\/\/www.catenedaneve.com\/site\/wp-content\/uploads\/2023\/05\/Konig_KSlim_oblique.jpg 867w\" sizes=\"(max-width: 262px) 100vw, 262px\" \/><\/p>\n\n<\/div>\n<\/div>\n<\/section>\n\n<section class=\"av_tab_section\"  itemscope=\"itemscope\" itemtype=\"https:\/\/schema.org\/CreativeWork\" ><div aria-controls=\"tab-id-3-content\" role=\"tab\" tabindex=\"0\" data-fake-id=\"#tab-id-3\" class=\"tab \"  itemprop=\"headline\" ><span class='tab_icon' aria-hidden='true' data-av_icon='\ue80f' data-av_iconfont='entypo-fontello'><\/span>Retro<\/div>\n<div id=\"tab-id-3-content\" class=\"tab_content \" aria-hidden=\"true\">\n<div class=\"tab_inner_content invers-color\"  itemprop=\"text\" >\n<p><img loading=\"lazy\" class=\"alignnone size-medium wp-image-6462 aligncenter\" src=\"https:\/\/www.catenedaneve.com\/site\/wp-content\/uploads\/2023\/05\/Konig_KSlim_back-298x300.jpg\" alt=\"\" width=\"298\" height=\"300\" srcset=\"https:\/\/www.catenedaneve.com\/site\/wp-content\/uploads\/2023\/05\/Konig_KSlim_back-298x300.jpg 298w, https:\/\/www.catenedaneve.com\/site\/wp-content\/uploads\/2023\/05\/Konig_KSlim_back-80x80.jpg 80w, https:\/\/www.catenedaneve.com\/site\/wp-content\/uploads\/2023\/05\/Konig_KSlim_back-768x772.jpg 768w, https:\/\/www.catenedaneve.com\/site\/wp-content\/uploads\/2023\/05\/Konig_KSlim_back-36x36.jpg 36w, https:\/\/www.catenedaneve.com\/site\/wp-content\/uploads\/2023\/05\/Konig_KSlim_back-180x180.jpg 180w, https:\/\/www.catenedaneve.com\/site\/wp-content\/uploads\/2023\/05\/Konig_KSlim_back-701x705.jpg 701w, https:\/\/www.catenedaneve.com\/site\/wp-content\/uploads\/2023\/05\/Konig_KSlim_back.jpg 985w\" sizes=\"(max-width: 298px) 100vw, 298px\" \/><\/p>\n\n<\/div>\n<\/div>\n<\/section>\n\n<section class=\"av_tab_section\"  itemscope=\"itemscope\" itemtype=\"https:\/\/schema.org\/CreativeWork\" ><div aria-controls=\"tab-id-4-content\" role=\"tab\" tabindex=\"0\" data-fake-id=\"#tab-id-4\" class=\"tab \"  itemprop=\"headline\" >Battistrada<\/div>\n<div id=\"tab-id-4-content\" class=\"tab_content \" aria-hidden=\"true\">\n<div class=\"tab_inner_content invers-color\"  itemprop=\"text\" >\n<p><img loading=\"lazy\" class=\"alignnone size-medium wp-image-6448 aligncenter\" src=\"https:\/\/www.catenedaneve.com\/site\/wp-content\/uploads\/2023\/05\/Konig_KSlim_side-135x300.jpg\" alt=\"\" width=\"135\" height=\"300\" srcset=\"https:\/\/www.catenedaneve.com\/site\/wp-content\/uploads\/2023\/05\/Konig_KSlim_side-135x300.jpg 135w, https:\/\/www.catenedaneve.com\/site\/wp-content\/uploads\/2023\/05\/Konig_KSlim_side-317x705.jpg 317w, https:\/\/www.catenedaneve.com\/site\/wp-content\/uploads\/2023\/05\/Konig_KSlim_side.jpg 445w\" sizes=\"(max-width: 135px) 100vw, 135px\" \/><\/p>\n\n<\/div>\n<\/div>\n<\/section>\n\n<\/div>\n<br \/>\n<div  class='avia-video avia-video-16-9   av-lazyload-immediate  av-lazyload-video-embed  '   itemprop=\"video\" itemtype=\"https:\/\/schema.org\/VideoObject\"  data-original_url='https:\/\/youtu.be\/ZoJrFGczXKs' ><script type='text\/html' class='av-video-tmpl'><div class='avia-iframe-wrap'><iframe title=\"K\u00f6nig K-Slim | CB-7_Tutorial Video\" width=\"1500\" height=\"844\" src=\"https:\/\/www.youtube.com\/embed\/ZoJrFGczXKs?feature=oembed&autoplay=0&loop=0&controls=1&mute=0\" frameborder=\"0\" allow=\"accelerometer; autoplay; clipboard-write; encrypted-media; gyroscope; picture-in-picture; web-share\" allowfullscreen><\/iframe><\/div><\/script><div class='av-click-to-play-overlay'><div class=\"avia_playpause_icon\"><\/div><\/div><\/div><\/p><\/div><div class=\"flex_column av_one_half  av-animated-generic right-to-left  flex_column_div av-zero-column-padding   avia-builder-el-3  el_after_av_one_half  el_before_av_section  avia-builder-el-last  \" style='border-radius:0px; '><section class=\"av_textblock_section \"  itemscope=\"itemscope\" itemtype=\"https:\/\/schema.org\/CreativeWork\" ><div class='avia_textblock  '   itemprop=\"text\" ><h2><strong>Catene da neve K\u00f6nig K-Slim<\/strong><\/h2>\n<p>Le Catene da neve K\u00f6nig K-Slim sono le catene da neve pi\u00f9 sottili al mondo. Infatti con i suoi 7 mm d\u2019ingombro garantiti all\u2019interno e sul battistrada, \u00e8 l\u2019ideale per auto con problemi di spazio tra la ruota e il passaruota. La lavorazione della catena con una particolare torsione della maglia ridice l&#8217;ingombro a 7 mm. Inoltre la K-Slim \u00e8 dotata di un sistema di microregolazione per una tensione perfetta della catena da neve. Speciali ganci di rinvio, evitano che la catena da neve s\u2019impigli e i bottoni in nylon (la cui applicazione \u00e8 facoltativa) proteggono i cerchi in lega. I particolari colorati ne facilitano il montaggio. La K-Slim \u00e8 sempre pi\u00f9 consigliata dalle case automobilistiche come la catena da neve per auto con limitazioni alla catenabilit\u00e0.<\/p>\n<h3><strong>Omologazioni<\/strong><\/h3>\n<p>La catena da neve K-Slim possiede le <a href=\"https:\/\/www.catenedaneve.com\/site\/guida-alle-omologazioni\/\">omologazioni<\/a>: O-Norm 5117, EN 16662-1, TUV.<\/p>\n<\/div><\/section><\/div><\/div><\/div><\/div><!-- close content main div --><\/div><\/div><div id='av_section_1'  class='avia-section main_color avia-section-default avia-no-border-styling  avia-bg-style-scroll  avia-builder-el-5  el_after_av_one_half  avia-builder-el-last   container_wrap sidebar_right' style=' '  ><div class='container' ><div class='template-page content  av-content-small alpha units'><div class='post-entry post-entry-type-page post-entry-4361'><div class='entry-content-wrapper clearfix'>\n<div  class='avia-icon-grid-container    avia-builder-el-6  avia-builder-el-no-sibling '><ul id='avia-icongrid-69e9efb79e4c7' class='clearfix avia-icongrid avia-icongrid-flipbox  avia-icongrid-numrow-4 avia-icongrid-borders-none avia_animate_when_almost_visible' >\n<li><a href='https:\/\/www.catenedaneve.com\/images\/pdf\/konig_catalogo_consumer.pdf' title='Catalogo Konig' target=\"_blank\" rel=\"noopener noreferrer\" class='avia-icongrid-wrapper'><article  class=\"article-icon-entry av-icongrid-empty\"  itemscope=\"itemscope\" itemtype=\"https:\/\/schema.org\/CreativeWork\" ><div class='avia-icongrid-front' ><div class='avia-icongrid-inner'><div  class='avia-icongrid-icon  avia-font-entypo-fontello'><span class='icongrid-char ' aria-hidden='true' data-av_icon='\ue84e' data-av_iconfont='entypo-fontello'><\/span><\/div><header class=\"entry-content-header\"><h4 class='av_icongrid_title icongrid_title  '  itemprop=\"headline\"  >Catalogo Konig<\/h4><\/header><\/div><\/div><div class='avia-icongrid-content' ><div class='avia-icongrid-inner' ><div class='avia-icongrid-text '  itemprop=\"text\" ><\/div><\/div><\/div><\/article><\/a><\/li>\n<li><a href='https:\/\/www.catenedaneve.com\/images\/pdf\/konig_catalogo_auto_tabella_applicazione.pdf' title='Tabella Applicazione' target=\"_blank\" rel=\"noopener noreferrer\" class='avia-icongrid-wrapper'><article  class=\"article-icon-entry \"  itemscope=\"itemscope\" itemtype=\"https:\/\/schema.org\/CreativeWork\" ><div class='avia-icongrid-front' ><div class='avia-icongrid-inner'><div  class='avia-icongrid-icon  avia-font-entypo-fontello'><span class='icongrid-char ' aria-hidden='true' data-av_icon='\ue84c' data-av_iconfont='entypo-fontello'><\/span><\/div><header class=\"entry-content-header\"><h4 class='av_icongrid_title icongrid_title  '  itemprop=\"headline\"  >Tabella Applicazione<\/h4><\/header><\/div><\/div><div class='avia-icongrid-content' ><div class='avia-icongrid-inner' ><div class='avia-icongrid-text '  itemprop=\"text\" ><p>Grid Content goes here<\/p>\n<\/div><\/div><\/div><\/article><\/a><\/li>\n<li><a href='https:\/\/www.catenedaneve.com\/store\/content\/6-configuratori' title='Configuratore'  class='avia-icongrid-wrapper' ><article  class=\"article-icon-entry av-icongrid-empty\"  itemscope=\"itemscope\" itemtype=\"https:\/\/schema.org\/CreativeWork\" ><div class='avia-icongrid-front' ><div class='avia-icongrid-inner'><div  class='avia-icongrid-icon  avia-font-entypo-fontello'><span class='icongrid-char ' aria-hidden='true' data-av_icon='\ue845' data-av_iconfont='entypo-fontello'><\/span><\/div><header class=\"entry-content-header\"><h4 class='av_icongrid_title icongrid_title  '  itemprop=\"headline\"  >Configuratore<\/h4><\/header><\/div><\/div><div class='avia-icongrid-content' ><div class='avia-icongrid-inner' ><div class='avia-icongrid-text '  itemprop=\"text\" ><\/div><\/div><\/div><\/article><\/a><\/li>\n<li><a href='https:\/\/catenedaneve.com\/store\/68-konig-k-slim' title='Acquista'  class='avia-icongrid-wrapper' ><article  class=\"article-icon-entry av-icongrid-empty\"  itemscope=\"itemscope\" itemtype=\"https:\/\/schema.org\/CreativeWork\" ><div class='avia-icongrid-front' ><div class='avia-icongrid-inner'><div  class='avia-icongrid-icon  avia-font-entypo-fontello'><span class='icongrid-char ' aria-hidden='true' data-av_icon='\ue859' data-av_iconfont='entypo-fontello'><\/span><\/div><header class=\"entry-content-header\"><h4 class='av_icongrid_title icongrid_title  '  itemprop=\"headline\"  >Acquista<\/h4><\/header><\/div><\/div><div class='avia-icongrid-content' ><div class='avia-icongrid-inner' ><div class='avia-icongrid-text '  itemprop=\"text\" ><\/div><\/div><\/div><\/article><\/a><\/li>\n<\/ul><\/div>\n<\/div><\/div><\/div><!-- close content main div --><\/div><\/div><div id='after_section_1'  class='main_color av_default_container_wrap container_wrap sidebar_right' style=' '  ><div class='container' ><div class='template-page content  av-content-small alpha units'><div class='post-entry post-entry-type-page post-entry-4361'><div class='entry-content-wrapper clearfix'><\/p>\n","protected":false},"excerpt":{"rendered":"","protected":false},"author":2,"featured_media":0,"parent":0,"menu_order":0,"comment_status":"closed","ping_status":"closed","template":"","meta":[],"yoast_head":"<!-- This site is optimized with the Yoast SEO plugin v16.3 - https:\/\/yoast.com\/wordpress\/plugins\/seo\/ -->\n<title>Catene da neve K\u00f6nig K-Slim | vendita e assistenza<\/title>\n<meta name=\"description\" content=\"Le Catene da neve K\u00f6nig K-Slim sono le catene pi\u00f9 sottili al mondo con 7mm d\u2019ingombro all\u2019interno e sul battistrada, per auto con problemi di spazio.\" \/>\n<meta name=\"robots\" content=\"index, follow, max-snippet:-1, max-image-preview:large, max-video-preview:-1\" \/>\n<link rel=\"canonical\" href=\"https:\/\/www.catenedaneve.com\/site\/catene-da-neve-konig-k-slim\/\" \/>\n<meta property=\"og:locale\" content=\"it_IT\" \/>\n<meta property=\"og:type\" content=\"article\" \/>\n<meta property=\"og:title\" content=\"Catene da neve K\u00f6nig K-Slim | vendita e assistenza\" \/>\n<meta property=\"og:description\" content=\"Le Catene da neve K\u00f6nig K-Slim sono le catene pi\u00f9 sottili al mondo con 7mm d\u2019ingombro all\u2019interno e sul battistrada, per auto con problemi di spazio.\" \/>\n<meta property=\"og:url\" content=\"https:\/\/www.catenedaneve.com\/site\/catene-da-neve-konig-k-slim\/\" \/>\n<meta property=\"og:site_name\" content=\"K2 Centro Catene da neve K\u00f6nig\" \/>\n<meta property=\"article:publisher\" content=\"https:\/\/www.facebook.com\/centrocateneneve\/\" \/>\n<meta property=\"article:modified_time\" content=\"2023-05-17T14:54:56+00:00\" \/>\n<meta property=\"og:image\" content=\"https:\/\/www.catenedaneve.com\/site\/wp-content\/uploads\/2023\/05\/Konig_KSlim_front-298x300.jpg\" \/>\n<meta name=\"twitter:card\" content=\"summary_large_image\" \/>\n<meta name=\"twitter:site\" content=\"@neveforeveramen\" \/>\n<meta name=\"twitter:label1\" content=\"Tempo di lettura stimato\">\n\t<meta name=\"twitter:data1\" content=\"3 minuti\">\n<script type=\"application\/ld+json\" class=\"yoast-schema-graph\">{\"@context\":\"https:\/\/schema.org\",\"@graph\":[{\"@type\":\"Organization\",\"@id\":\"https:\/\/www.catenedaneve.com\/site\/#organization\",\"name\":\"K2 SRL\",\"url\":\"https:\/\/www.catenedaneve.com\/site\/\",\"sameAs\":[\"https:\/\/www.facebook.com\/centrocateneneve\/\",\"https:\/\/www.youtube.com\/user\/K2CentroCateneNeve\",\"https:\/\/twitter.com\/neveforeveramen\"],\"logo\":{\"@type\":\"ImageObject\",\"@id\":\"https:\/\/www.catenedaneve.com\/site\/#logo\",\"inLanguage\":\"it-IT\",\"url\":\"https:\/\/www.catenedaneve.com\/site\/wp-content\/uploads\/2019\/11\/k2_logo_medium.jpg\",\"contentUrl\":\"https:\/\/www.catenedaneve.com\/site\/wp-content\/uploads\/2019\/11\/k2_logo_medium.jpg\",\"width\":193,\"height\":140,\"caption\":\"K2 SRL\"},\"image\":{\"@id\":\"https:\/\/www.catenedaneve.com\/site\/#logo\"}},{\"@type\":\"WebSite\",\"@id\":\"https:\/\/www.catenedaneve.com\/site\/#website\",\"url\":\"https:\/\/www.catenedaneve.com\/site\/\",\"name\":\"Catene da neve Konig\",\"description\":\"catene da neve\",\"publisher\":{\"@id\":\"https:\/\/www.catenedaneve.com\/site\/#organization\"},\"potentialAction\":[{\"@type\":\"SearchAction\",\"target\":\"https:\/\/www.catenedaneve.com\/site\/?s={search_term_string}\",\"query-input\":\"required name=search_term_string\"}],\"inLanguage\":\"it-IT\"},{\"@type\":\"ImageObject\",\"@id\":\"https:\/\/www.catenedaneve.com\/site\/catene-da-neve-konig-k-slim\/#primaryimage\",\"inLanguage\":\"it-IT\",\"url\":\"https:\/\/www.catenedaneve.com\/site\/wp-content\/uploads\/2023\/05\/Konig_KSlim_front.jpg\",\"contentUrl\":\"https:\/\/www.catenedaneve.com\/site\/wp-content\/uploads\/2023\/05\/Konig_KSlim_front.jpg\",\"width\":982,\"height\":990},{\"@type\":\"WebPage\",\"@id\":\"https:\/\/www.catenedaneve.com\/site\/catene-da-neve-konig-k-slim\/#webpage\",\"url\":\"https:\/\/www.catenedaneve.com\/site\/catene-da-neve-konig-k-slim\/\",\"name\":\"Catene da neve K\\u00f6nig K-Slim | vendita e assistenza\",\"isPartOf\":{\"@id\":\"https:\/\/www.catenedaneve.com\/site\/#website\"},\"primaryImageOfPage\":{\"@id\":\"https:\/\/www.catenedaneve.com\/site\/catene-da-neve-konig-k-slim\/#primaryimage\"},\"datePublished\":\"2019-04-04T15:26:54+00:00\",\"dateModified\":\"2023-05-17T14:54:56+00:00\",\"description\":\"Le Catene da neve K\\u00f6nig K-Slim sono le catene pi\\u00f9 sottili al mondo con 7mm d\\u2019ingombro all\\u2019interno e sul battistrada, per auto con problemi di spazio.\",\"breadcrumb\":{\"@id\":\"https:\/\/www.catenedaneve.com\/site\/catene-da-neve-konig-k-slim\/#breadcrumb\"},\"inLanguage\":\"it-IT\",\"potentialAction\":[{\"@type\":\"ReadAction\",\"target\":[\"https:\/\/www.catenedaneve.com\/site\/catene-da-neve-konig-k-slim\/\"]}]},{\"@type\":\"BreadcrumbList\",\"@id\":\"https:\/\/www.catenedaneve.com\/site\/catene-da-neve-konig-k-slim\/#breadcrumb\",\"itemListElement\":[{\"@type\":\"ListItem\",\"position\":1,\"item\":{\"@type\":\"WebPage\",\"@id\":\"https:\/\/www.catenedaneve.com\/site\/\",\"url\":\"https:\/\/www.catenedaneve.com\/site\/\",\"name\":\"Home\"}},{\"@type\":\"ListItem\",\"position\":2,\"item\":{\"@id\":\"https:\/\/www.catenedaneve.com\/site\/catene-da-neve-konig-k-slim\/#webpage\"}}]}]}<\/script>\n<!-- \/ Yoast SEO plugin. -->","_links":{"self":[{"href":"https:\/\/www.catenedaneve.com\/site\/wp-json\/wp\/v2\/pages\/4361"}],"collection":[{"href":"https:\/\/www.catenedaneve.com\/site\/wp-json\/wp\/v2\/pages"}],"about":[{"href":"https:\/\/www.catenedaneve.com\/site\/wp-json\/wp\/v2\/types\/page"}],"author":[{"embeddable":true,"href":"https:\/\/www.catenedaneve.com\/site\/wp-json\/wp\/v2\/users\/2"}],"replies":[{"embeddable":true,"href":"https:\/\/www.catenedaneve.com\/site\/wp-json\/wp\/v2\/comments?post=4361"}],"version-history":[{"count":3,"href":"https:\/\/www.catenedaneve.com\/site\/wp-json\/wp\/v2\/pages\/4361\/revisions"}],"predecessor-version":[{"id":6794,"href":"https:\/\/www.catenedaneve.com\/site\/wp-json\/wp\/v2\/pages\/4361\/revisions\/6794"}],"wp:attachment":[{"href":"https:\/\/www.catenedaneve.com\/site\/wp-json\/wp\/v2\/media?parent=4361"}],"curies":[{"name":"wp","href":"https:\/\/api.w.org\/{rel}","templated":true}]}}