{"id":3,"date":"2019-03-14T18:02:26","date_gmt":"2019-03-14T17:02:26","guid":{"rendered":"https:\/\/www.catenedaneve.com\/site\/?page_id=3"},"modified":"2020-11-27T10:23:03","modified_gmt":"2020-11-27T09:23:03","slug":"privacy-policy","status":"publish","type":"page","link":"https:\/\/www.catenedaneve.com\/site\/privacy-policy\/","title":{"rendered":"Privacy Policy"},"content":{"rendered":"\n<p><\/p>\n\n\n<section class=\"av_textblock_section \"  itemscope=\"itemscope\" itemtype=\"https:\/\/schema.org\/CreativeWork\" ><div class='avia_textblock  '   itemprop=\"text\" ><p><strong>La tua privacy \u00e8 una nostra priorit\u00e0.<\/strong><\/p>\n<p>La mission di K2 \u00e8 creare la migliore esperienza di acquisto per ogni ospite, e lo facciamo grazie alle informazioni che condividi con noi.<\/p>\n<p>La tua fiducia nell\u2019affidarci queste importanti informazioni merita la massima trasparenza da parte nostra e, per questo motivo, con l\u2019applicazione del Regolamento europeo n. 2016\/679 (\u201cGDPR\u201d) sulla protezione dei dati personali abbiamo aggiornato la nostra privacy policy.<\/p>\n<p>Riportiamo qui di seguito alcuni aggiornamenti fondamentali:<\/p>\n<p>Maggiore trasparenza:.\u00a0Ti siamo grati per la fiducia che riponi nei nostri confronti fornendoci informazioni per te rilevanti. Desideriamo che tu sappia esattamente come e per quali scopi utilizziamo i tuoi dati e come puoi controllarne l\u2019utilizzo. La nostra informativa privacy aggiornata descrive con maggiore chiarezza le nostre pratiche relative al trattamento dei dati personali come, ad esempio, la loro conservazione e le modalit\u00e0 di utilizzo delle impostazioni del tuo account per gestire i dati.<\/p>\n<p>Maggiori diritti:.\u00a0Ciascun interessato pu\u00f2 esercitare una serie di diritti sui propri dati personali, tra cui la possibilit\u00e0 di ottenere l\u2019accesso ai dati, la rettifica o la loro cancellazione o la limitazione del trattamento. \u00c8 possibile opporsi in qualsiasi momento al trattamento dei propri dati personali qualora gli stessi siano trattati per finalit\u00e0 di marketing diretto, anche tramite profilazione. Inoltre, si pu\u00f2 chiedere al titolare la portabilit\u00e0 dei propri dati e si pu\u00f2 proporre reclamo all\u2019autorit\u00e0 di controllo competente.<\/p>\n<p>Ti invitiamo a leggere per intero l\u2019informativa sulla privacy e i termini di servizio aggiornati. Usando i nostri servizi, a partire dal 25 maggio 2018, accetterai le revisioni, a meno che tu non le abbia accettate prima, come quando hai creato un account.<\/p>\n<p><strong>INFORMATIVA PRIVACY<\/strong><\/p>\n<p>In queste pagine puoi leggere come K2\u00a0\u00e8 impegnata per rispettare la privacy dei propri clienti. Qui di seguito trovi informazioni sul tipo di dati che raccogliamo, sul nostro modo di utilizzarli, sulle cautele che adottiamo per garantirne la riservatezza, sulle modalit\u00e0 attraverso le quali ciascun cliente pu\u00f2 controllare le informazioni che gestiamo.<\/p>\n<p><strong>Quali informazioni raccogliamo<\/strong><\/p>\n<p><strong>Come trattiamo i dati e su quali basi legali<\/strong><\/p>\n<p><strong>Perch\u00e9 abbiamo bisogno dei dati<\/strong><\/p>\n<p><strong>A quali destinatari comunichiamo i dati<\/strong><\/p>\n<p><strong>Quali sono i diritti relativamente ai dati personali<\/strong><\/p>\n<p><strong>Come conserviamo i dati e ne rendiamo sicura l&#8217;archiviazione<\/strong><\/p>\n<p><strong>Modifiche alla presente informativa<\/strong><\/p>\n<p><strong>Chi siamo e come contattarci<\/strong><\/p>\n<p><strong>Quali informazioni raccogliamo<\/strong><\/p>\n<p>Informazioni fornite spontaneamente<\/p>\n<p>ACQUISTO ONLINE: email funzionante, password, nome e cognome<\/p>\n<p>INFORMAZIONI SUGLI ACQUISTI ONLINE: ogni volta che un cliente effettua una transazione online registriamo il prodotto acquistato, i dati per l\u2019emissione di ricevuta o fattura, i dati di spedizione. Non riceviamo nessun dato relativo alle transazioni con carta di credito che vengono gestite dai sistemi bancari scelti.<\/p>\n<p>INFORMAZIONI SULL\u2019USO DEI NOSTRI MEZZI DIGITALI:\u00a0quando un cliente interagisce con il nostro sito, la pagina Facebook,\u00a0 Google+, Youtube, usiamo i cookie per capire come utilizzi i nostri mezzi digitali e migliorarli\/velocizzarli, quali promozioni sono pi\u00f9 interessanti per te, come permetterti di finalizzare un acquisto lasciato in sospeso (per ulteriori informazioni sull\u2019utilizzo dei cookie e per poterli disabilitare si veda l\u2019apposita policy).<\/p>\n<p><strong>Come trattiamo i dati e su quali basi legali<\/strong><\/p>\n<p>Utilizziamo i dati personali raccolti dai clienti per i seguenti scopi:<\/p>\n<p>FORNIRE I SERVIZI CHE IL NOSTRO CLIENTE RICHIEDE: grazie alle informazioni raccolte, possiamo fornire i servizi previsti in K2\u00a0come ad esempio la vendita di prodotti.<\/p>\n<p>MIGLIORARE I NOSTRI SERVIZI:\u00a0analizziamo i dati per poter migliorare i nostri servizi o svilupparne di nuovi. Ad esempio utilizziamo le informazioni per risolvere problemi di navigazione, per migliorare l\u2019assortimento, per introdurre nuovi prodotti, per organizzare promozioni.<\/p>\n<p>COMUNICARE CON I NOSTRI CLIENTI:\u00a0grazie alle informazioni raccolte siamo in grado di rispondere al cliente che ci ha contattato, di proporgli prodotti che maggiormente si adattano al suo profilo e di offrirgli le migliori promozioni per lui. L\u2019utilizzo da parte di K2\u00a0delle informazioni dei clienti ha quale basa giuridica la necessit\u00e0 di esecuzione del contratto di servizi di cui \u00e8 parte il cliente e, per i trattamenti sotto indicati, su consensi espliciti rilasciati in fase di primo accesso ai nostri servizi. Il cliente pu\u00f2, in ogni momento, revocare uno o pi\u00f9 consensi rilasciati, fermo restando che la revoca del consenso non pregiudica la liceit\u00e0 del trattamento basata sul consenso prestato prima della revoca e i trattamenti dei dati fondati su altre basi giuridiche (ad esempio, sugli obblighi contrattuali o di legge cui \u00e8 soggetta K2\u00a0).<\/p>\n<p>Ogni cliente pu\u00f2 esprimere e successivamente modificare questi consensi:<\/p>\n<p>&gt; Consenso al trattamento dei dati per invio da parte di K2\u00a0di comunicazioni informative e promozionali relative a propri prodotti e servizi.<\/p>\n<p>&gt; Consenso al trattamento dei dati per attivit\u00e0 di profilazione, analisi statistiche e ricerche di mercato volte a offrire informazioni e servizi in linea con le preferenze e le scelte di consumo.<\/p>\n<p>&gt; Consenso al trattamento dei dati per l\u2019invio da parte di K2\u00a0di comunicazioni informative e promozionali relative a prodotti o servizi di soggetti terzi nostri partner o per la cessione dei dati a questi ultimi.<\/p>\n<p><strong>Perch\u00e9 abbiamo bisogno dei dati<\/strong><\/p>\n<p>Per alcuni trattamenti il conferimento dei dati personali \u00e8 necessario per l\u2019instaurazione e la gestione del rapporto contrattuale con K2\u00a0(ad es. per la vendita dei prodotti).<\/p>\n<p>L\u2019eventuale parziale o totale mancato conferimento dei dati comporter\u00e0 la parziale o totale impossibilit\u00e0 di raggiungere le finalit\u00e0 di cui sopra.<\/p>\n<p>L\u2019entit\u00e0 e l\u2019adeguatezza dei dati conferiti sar\u00e0 valutata di volta in volta, al fine di determinare le conseguenti decisioni ed evitare il trattamento dei dati sia eccedente rispetto alle finalit\u00e0 perseguite.<\/p>\n<p>Non utilizzeremo i dati personali dei clienti per finalit\u00e0 diverse e ulteriori rispetto a quelle descritte nella presente informativa.<\/p>\n<p><strong>A quali destinatari comunichiamo i dati<\/strong><\/p>\n<p>I dati acquisiti da K2\u00a0potranno essere comunicati a:<\/p>\n<p>&gt; istituti bancari e societ\u00e0 che gestiscono i pagamenti on line per gli acquisti sul sito;<\/p>\n<p>&gt; Societ\u00e0 di trasporto responsabili per la consegna degli acquisti<\/p>\n<p><strong>Quali sono i diritti relativamente ai dati personali<\/strong><\/p>\n<p>Ogni cliente pu\u00f2 esercitare una serie di diritti sui propri dati personali, riconosciuti dal GDPR.<\/p>\n<p>In particolare, il GDPR attribuisce agli interessati il diritto di:<\/p>\n<p>&gt; chiedere al titolare l\u2019accesso ai dati personali e la rettifica o la cancellazione degli stessi o la limitazione del trattamento che lo riguardano o di opporsi al loro trattamento;<\/p>\n<p>&gt; chiedere al titolare la portabilit\u00e0 dei dati, ossia ricevere in un formato strutturato e di uso comune i dati personali che lo riguardano ed eventualmente ottenerne la trasmissione a un altro titolare;<\/p>\n<p>&gt; proporre reclamo all\u2019autorit\u00e0 di controllo competente (es. nello stato membro in cui l\u2019interessato risiede abitualmente, lavora o del luogo dove c\u2019\u00e8 stata la presunta violazione).<\/p>\n<p>Verifica e gestione dei dati<\/p>\n<p>&gt; Tramite le impostazioni dell\u2019account il cliente pu\u00f2, infatti, controllare quali dati ha fornito a K2\u00a0, li pu\u00f2 modificare oppure eliminarne alcuni.<\/p>\n<p>&gt; Se lo desidera, il cliente pu\u00f2 richiedere e ottenere l\u2019eliminazione del proprio account e, conseguentemente, di tutti i dati ad esso collegato,<\/p>\n<p>K2, come prescritto dal GDPR, si impegna al pi\u00f9 tardi entro 30 giorni dall\u2019avvenuta richiesta di cancellazione ad eliminare tutti i dati presenti nei propri archivi collegati all\u2019account da cui \u00e8 stata fatta richiesta. Alcuni dati potrebbero essere mantenuti in<\/p>\n<p>forma anonima, per cui non riconducibili al cliente, a soli fini statistici.<\/p>\n<p>Per ulteriore assistenza in merito ai propri diritti il cliente pu\u00f2 sempre rivolgersi al nostro Privacy Manager all\u2019indirizzo <span id=\"cloak731f190943fb310734042f658b19dbff\"><a href=\"mailto:info@catenedaneve.com\">info@catenedaneve.com<\/a><\/span>\u00a0Saremo lieti di rispondere alle richieste dei nostri clienti.<\/p>\n<p><strong>Come conserviamo i dati e ne rendiamo sicura l&#8217;archiviazione<\/strong><\/p>\n<p>Conserviamo le informazioni dell\u2019account del cliente per tutto il tempo in cui l\u2019account \u00e8 attivo.<\/p>\n<p>Adottiamo tutte le precauzioni necessarie per garantire la sicurezza delle informazioni dei nostri clienti. I dati sono conservati in modo crittografato e sono accessibili, sia fisicamente sia logicamente, da un numero limitato di persone.<\/p>\n<p>Tutti i dati sono conservati su server presenti nell\u2019ambito dell\u2019Unione Europea e non sono trasmessi in Paesi al di fuori dell\u2019UE.<\/p>\n<p>K2 non archivia nei propri sistemi i dati relativi alle forme di pagamento utilizzate dai clienti.<\/p>\n<p><strong>Modifiche alla presente informativa<\/strong><\/p>\n<p>Eventuali modifiche sostanziali alla presente informativa che possano avere impatto sul trattamento dei dati saranno adeguatamente comunicate e verr\u00e0 garantita la possibilit\u00e0 di decidere se continuare ad utilizzare i nostri servizi oppure no.<\/p>\n<p><strong>Chi siamo e come contattarci<\/strong><\/p>\n<p>I tuoi dati saranno trattati da K2\u00a0srl in qualit\u00e0 di Titolare del trattamento. La nostra sede legale \u00e8 a Milano in via Antonio Maffi, 10.<\/p>\n<p>Per qualsiasi informazione, approfondimento, domanda o suggerimento relativamente a questa informativa o sull\u2019utilizzo dei dati personali potrai contattarci all\u2019indirizzo <span id=\"cloak0ea51cd70c04ae70359c46ac3e77c13e\"><a href=\"mailto:info@catenedaneve.com\">info@catenedaneve.com<\/a><\/span><\/p>\n<\/div><\/section>\n","protected":false},"excerpt":{"rendered":"","protected":false},"author":1,"featured_media":0,"parent":0,"menu_order":0,"comment_status":"closed","ping_status":"closed","template":"","meta":{"_exactmetrics_skip_tracking":false,"_exactmetrics_sitenote_active":false,"_exactmetrics_sitenote_note":"","_exactmetrics_sitenote_category":0},"yoast_head":"<!-- This site is optimized with the Yoast SEO plugin v16.3 - https:\/\/yoast.com\/wordpress\/plugins\/seo\/ -->\n<title>Privacy Policy | K2 Centro Catene da neve K\u00f6nig<\/title>\n<meta name=\"robots\" content=\"index, follow, max-snippet:-1, max-image-preview:large, max-video-preview:-1\" \/>\n<link rel=\"canonical\" href=\"https:\/\/www.catenedaneve.com\/site\/privacy-policy\/\" \/>\n<meta property=\"og:locale\" content=\"it_IT\" \/>\n<meta property=\"og:type\" content=\"article\" \/>\n<meta property=\"og:title\" content=\"Privacy Policy | K2 Centro Catene da neve K\u00f6nig\" \/>\n<meta property=\"og:url\" content=\"https:\/\/www.catenedaneve.com\/site\/privacy-policy\/\" \/>\n<meta property=\"og:site_name\" content=\"K2 Centro Catene da neve K\u00f6nig\" \/>\n<meta property=\"article:publisher\" content=\"https:\/\/www.facebook.com\/centrocateneneve\/\" \/>\n<meta property=\"article:modified_time\" content=\"2020-11-27T09:23:03+00:00\" \/>\n<meta name=\"twitter:card\" content=\"summary_large_image\" \/>\n<meta name=\"twitter:site\" content=\"@neveforeveramen\" \/>\n<meta name=\"twitter:label1\" content=\"Tempo di lettura stimato\">\n\t<meta name=\"twitter:data1\" content=\"7 minuti\">\n<script type=\"application\/ld+json\" class=\"yoast-schema-graph\">{\"@context\":\"https:\/\/schema.org\",\"@graph\":[{\"@type\":\"Organization\",\"@id\":\"https:\/\/www.catenedaneve.com\/site\/#organization\",\"name\":\"K2 SRL\",\"url\":\"https:\/\/www.catenedaneve.com\/site\/\",\"sameAs\":[\"https:\/\/www.facebook.com\/centrocateneneve\/\",\"https:\/\/www.youtube.com\/user\/K2CentroCateneNeve\",\"https:\/\/twitter.com\/neveforeveramen\"],\"logo\":{\"@type\":\"ImageObject\",\"@id\":\"https:\/\/www.catenedaneve.com\/site\/#logo\",\"inLanguage\":\"it-IT\",\"url\":\"https:\/\/www.catenedaneve.com\/site\/wp-content\/uploads\/2019\/11\/k2_logo_medium.jpg\",\"contentUrl\":\"https:\/\/www.catenedaneve.com\/site\/wp-content\/uploads\/2019\/11\/k2_logo_medium.jpg\",\"width\":193,\"height\":140,\"caption\":\"K2 SRL\"},\"image\":{\"@id\":\"https:\/\/www.catenedaneve.com\/site\/#logo\"}},{\"@type\":\"WebSite\",\"@id\":\"https:\/\/www.catenedaneve.com\/site\/#website\",\"url\":\"https:\/\/www.catenedaneve.com\/site\/\",\"name\":\"Catene da neve Konig\",\"description\":\"catene da neve\",\"publisher\":{\"@id\":\"https:\/\/www.catenedaneve.com\/site\/#organization\"},\"potentialAction\":[{\"@type\":\"SearchAction\",\"target\":\"https:\/\/www.catenedaneve.com\/site\/?s={search_term_string}\",\"query-input\":\"required name=search_term_string\"}],\"inLanguage\":\"it-IT\"},{\"@type\":\"WebPage\",\"@id\":\"https:\/\/www.catenedaneve.com\/site\/privacy-policy\/#webpage\",\"url\":\"https:\/\/www.catenedaneve.com\/site\/privacy-policy\/\",\"name\":\"Privacy Policy | K2 Centro Catene da neve K\\u00f6nig\",\"isPartOf\":{\"@id\":\"https:\/\/www.catenedaneve.com\/site\/#website\"},\"datePublished\":\"2019-03-14T17:02:26+00:00\",\"dateModified\":\"2020-11-27T09:23:03+00:00\",\"breadcrumb\":{\"@id\":\"https:\/\/www.catenedaneve.com\/site\/privacy-policy\/#breadcrumb\"},\"inLanguage\":\"it-IT\",\"potentialAction\":[{\"@type\":\"ReadAction\",\"target\":[\"https:\/\/www.catenedaneve.com\/site\/privacy-policy\/\"]}]},{\"@type\":\"BreadcrumbList\",\"@id\":\"https:\/\/www.catenedaneve.com\/site\/privacy-policy\/#breadcrumb\",\"itemListElement\":[{\"@type\":\"ListItem\",\"position\":1,\"item\":{\"@type\":\"WebPage\",\"@id\":\"https:\/\/www.catenedaneve.com\/site\/\",\"url\":\"https:\/\/www.catenedaneve.com\/site\/\",\"name\":\"Home\"}},{\"@type\":\"ListItem\",\"position\":2,\"item\":{\"@id\":\"https:\/\/www.catenedaneve.com\/site\/privacy-policy\/#webpage\"}}]}]}<\/script>\n<!-- \/ Yoast SEO plugin. -->","_links":{"self":[{"href":"https:\/\/www.catenedaneve.com\/site\/wp-json\/wp\/v2\/pages\/3"}],"collection":[{"href":"https:\/\/www.catenedaneve.com\/site\/wp-json\/wp\/v2\/pages"}],"about":[{"href":"https:\/\/www.catenedaneve.com\/site\/wp-json\/wp\/v2\/types\/page"}],"author":[{"embeddable":true,"href":"https:\/\/www.catenedaneve.com\/site\/wp-json\/wp\/v2\/users\/1"}],"replies":[{"embeddable":true,"href":"https:\/\/www.catenedaneve.com\/site\/wp-json\/wp\/v2\/comments?post=3"}],"version-history":[{"count":0,"href":"https:\/\/www.catenedaneve.com\/site\/wp-json\/wp\/v2\/pages\/3\/revisions"}],"wp:attachment":[{"href":"https:\/\/www.catenedaneve.com\/site\/wp-json\/wp\/v2\/media?parent=3"}],"curies":[{"name":"wp","href":"https:\/\/api.w.org\/{rel}","templated":true}]}}